{"id":880,"date":"2019-11-26T18:30:09","date_gmt":"2019-11-26T17:30:09","guid":{"rendered":"http:\/\/www.srcolmar-escrime.com\/?page_id=880"},"modified":"2020-09-14T14:46:08","modified_gmt":"2020-09-14T12:46:08","slug":"arbitres","status":"publish","type":"page","link":"https:\/\/www.srcolmar-escrime.com\/index.php\/arbitres\/","title":{"rendered":"Arbitres"},"content":{"rendered":"\n<div class=\"wp-block-image\"><figure class=\"aligncenter is-resized\"><img loading=\"lazy\" decoding=\"async\" src=\"http:\/\/www.srcolmar-escrime.com\/wp-content\/uploads\/2020\/09\/Legube-768x1024.jpg\" alt=\"\" class=\"wp-image-983\" width=\"169\" height=\"169\"\/><figcaption><br><br>Beno\u00eet Legube <br>Arbitre R\u00e9gional Ep\u00e9e<\/figcaption><\/figure><\/div>\n\n\n\n<div class=\"wp-block-image\"><figure class=\"aligncenter is-resized\"><img loading=\"lazy\" decoding=\"async\" src=\"http:\/\/www.srcolmar-escrime.com\/wp-content\/uploads\/2019\/10\/Kalmbach-\u00e9ducateur-768x1024.jpg\" alt=\"\" class=\"wp-image-838\" width=\"150\" height=\"150\"\/><figcaption><br><br>Arnaud Kalmbach Arbitre R\u00e9gional Ep\u00e9e<\/figcaption><\/figure><\/div>\n\n\n\n<div class=\"wp-block-image\"><figure class=\"aligncenter\"><img decoding=\"async\" src=\"http:\/\/www.srcolmar-escrime.com\/wp-content\/uploads\/2018\/10\/Muller-111-150x150.jpg\" alt=\"L\u2019attribut alt de cette image est vide, son nom de fichier est Muller-111-150x150.jpg.\"\/><figcaption>Arbitre International Ep\u00e9e <br>Arbitre R\u00e9gional Fleuret, Sabre<br> Arbitre National Handisport Ep\u00e9e <br>Franz Muller<br><br><\/figcaption><\/figure><\/div>\n\n\n\n<div class=\"wp-block-image\"><figure class=\"aligncenter\"><img loading=\"lazy\" decoding=\"async\" width=\"150\" height=\"150\" src=\"http:\/\/www.srcolmar-escrime.com\/wp-content\/uploads\/2019\/03\/escrimeur-VIP-retouch\u00e9e-150x150.jpg\" alt=\"\" class=\"wp-image-492\"\/><figcaption>Arbitre National Ep\u00e9e<br>Arbitre R\u00e9gional Fleuret<br>Arbitre National Handisport Ep\u00e9e<br>Marc Lamba<\/figcaption><\/figure><\/div>\n\n\n\n<div class=\"wp-block-image\"><figure class=\"aligncenter\"><img decoding=\"async\" src=\"http:\/\/www.srcolmar-escrime.com\/wp-content\/uploads\/2019\/11\/Alexandre-Bouzaid-150x150.jpg\" alt=\"L\u2019attribut alt de cette image est vide, son nom de fichier est Alexandre-Bouzaid-150x150.jpg.\"\/><figcaption>Arbitre R\u00e9gional Ep\u00e9e<br>Alexandre Bouzaid<\/figcaption><\/figure><\/div>\n\n\n\n<div class=\"wp-block-image\"><figure class=\"aligncenter\"><img decoding=\"async\" src=\"http:\/\/www.srcolmar-escrime.com\/wp-content\/uploads\/2019\/10\/Grandiddier-\u00e9ducateur-150x150.jpg\" alt=\"L\u2019attribut alt de cette image est vide, son nom de fichier est Grandiddier-\u00e9ducateur-150x150.jpg.\"\/><figcaption>Arbitre R\u00e9gional Ep\u00e9e<br>Johann Grandidier<\/figcaption><\/figure><\/div>\n\n\n\n<div class=\"wp-block-image\"><figure class=\"aligncenter\"><img loading=\"lazy\" decoding=\"async\" width=\"150\" height=\"150\" src=\"http:\/\/www.srcolmar-escrime.com\/wp-content\/uploads\/2019\/10\/Burdloff-\u00e9ducateur-150x150.jpg\" alt=\"\" class=\"wp-image-836\"\/><figcaption>Arbitre R\u00e9gional Ep\u00e9e<br>Florian Burdloff<\/figcaption><\/figure><\/div>\n\n\n\n<div class=\"wp-block-image\"><figure class=\"aligncenter is-resized\"><img loading=\"lazy\" decoding=\"async\" src=\"http:\/\/www.srcolmar-escrime.com\/wp-content\/uploads\/2019\/03\/escrimeur-VIP-retouch\u00e9e-150x150.jpg\" alt=\"\" class=\"wp-image-492\" width=\"127\" height=\"127\"\/><figcaption>Arbitre International Ep\u00e9e<br>Arbitre R\u00e9gional Fleuret<br>Johny Lenertz<\/figcaption><\/figure><\/div>\n","protected":false},"excerpt":{"rendered":"","protected":false},"author":1,"featured_media":0,"parent":0,"menu_order":0,"comment_status":"closed","ping_status":"closed","template":"","meta":{"pgc_meta":"","footnotes":""},"class_list":["post-880","page","type-page","status-publish","hentry"],"pgc_meta":"","_links":{"self":[{"href":"https:\/\/www.srcolmar-escrime.com\/index.php\/wp-json\/wp\/v2\/pages\/880"}],"collection":[{"href":"https:\/\/www.srcolmar-escrime.com\/index.php\/wp-json\/wp\/v2\/pages"}],"about":[{"href":"https:\/\/www.srcolmar-escrime.com\/index.php\/wp-json\/wp\/v2\/types\/page"}],"author":[{"embeddable":true,"href":"https:\/\/www.srcolmar-escrime.com\/index.php\/wp-json\/wp\/v2\/users\/1"}],"replies":[{"embeddable":true,"href":"https:\/\/www.srcolmar-escrime.com\/index.php\/wp-json\/wp\/v2\/comments?post=880"}],"version-history":[{"count":5,"href":"https:\/\/www.srcolmar-escrime.com\/index.php\/wp-json\/wp\/v2\/pages\/880\/revisions"}],"predecessor-version":[{"id":995,"href":"https:\/\/www.srcolmar-escrime.com\/index.php\/wp-json\/wp\/v2\/pages\/880\/revisions\/995"}],"wp:attachment":[{"href":"https:\/\/www.srcolmar-escrime.com\/index.php\/wp-json\/wp\/v2\/media?parent=880"}],"curies":[{"name":"wp","href":"https:\/\/api.w.org\/{rel}","templated":true}]}}