{"id":871,"date":"2019-11-22T20:35:21","date_gmt":"2019-11-22T19:35:21","guid":{"rendered":"http:\/\/www.srcolmar-escrime.com\/?page_id=871"},"modified":"2023-09-05T19:40:41","modified_gmt":"2023-09-05T17:40:41","slug":"enseignants","status":"publish","type":"page","link":"https:\/\/www.srcolmar-escrime.com\/index.php\/enseignants\/","title":{"rendered":"Enseignants"},"content":{"rendered":"\n<p class=\"has-text-align-center\"><strong>ESCRIME SPORTIVE<\/strong><\/p>\n\n\n<div class=\"wp-block-image\">\n<figure class=\"aligncenter is-resized\"><img loading=\"lazy\" decoding=\"async\" src=\"http:\/\/www.srcolmar-escrime.com\/wp-content\/uploads\/2020\/09\/Legube.jpg\" alt=\"\" class=\"wp-image-617\" style=\"width:151px;height:151px\" width=\"151\" height=\"151\"\/><figcaption class=\"wp-element-caption\">MAITRE D&rsquo;ARMES Dipl\u00f4m\u00e9 d&rsquo;\u00e9tat en escrime<br>DEJEPS<br>Benoit Legube<br><br><br> <\/figcaption><\/figure><\/div>\n\n\n<p><\/p>\n\n\n\n<div class=\"wp-block-group\"><div class=\"wp-block-group__inner-container is-layout-constrained wp-block-group-is-layout-constrained\">\n<div class=\"wp-block-group\"><div class=\"wp-block-group__inner-container is-layout-constrained wp-block-group-is-layout-constrained\">\n<p>     <\/p>\n<\/div><\/div>\n\n\n\n<p class=\"has-text-align-center\"><strong>ESCRIME ARTISTIQUE<\/strong><\/p>\n\n\n<div class=\"wp-block-image\">\n<figure class=\"aligncenter size-full is-resized\"><img loading=\"lazy\" decoding=\"async\" src=\"http:\/\/www.srcolmar-escrime.com\/wp-content\/uploads\/2022\/07\/fred-lanot.jpg\" alt=\"\" class=\"wp-image-1149\" style=\"width:126px;height:142px\" width=\"126\" height=\"142\"\/><figcaption class=\"wp-element-caption\">CQP Artistique et Fleuret Fr\u00e9d\u00e9ric LANOT<\/figcaption><\/figure><\/div>\n\n\n<p class=\"has-text-align-center\"><strong>ESCRIME SABRE LASER<\/strong>      <\/p>\n\n\n<div class=\"wp-block-image\">\n<figure class=\"aligncenter size-full is-resized\"><img loading=\"lazy\" decoding=\"async\" src=\"http:\/\/www.srcolmar-escrime.com\/wp-content\/uploads\/2023\/07\/Brice.jpg\" alt=\"\" class=\"wp-image-1231\" style=\"width:133px;height:213px\" width=\"133\" height=\"213\" srcset=\"https:\/\/www.srcolmar-escrime.com\/wp-content\/uploads\/2023\/07\/Brice.jpg 522w, https:\/\/www.srcolmar-escrime.com\/wp-content\/uploads\/2023\/07\/Brice-187x300.jpg 187w\" sizes=\"(max-width: 133px) 100vw, 133px\" \/><\/figure><\/div>\n\n\n<p class=\"has-text-align-center\"><sup>Educateur sabre laser Brice Perek<\/sup><\/p>\n<\/div><\/div>\n\n\n<div class=\"wp-block-image\">\n<figure class=\"aligncenter size-full is-resized\"><img loading=\"lazy\" decoding=\"async\" src=\"http:\/\/www.srcolmar-escrime.com\/wp-content\/uploads\/2023\/07\/Warren.jpg\" alt=\"\" class=\"wp-image-1232\" style=\"width:139px;height:226px\" width=\"139\" height=\"226\" srcset=\"https:\/\/www.srcolmar-escrime.com\/wp-content\/uploads\/2023\/07\/Warren.jpg 621w, https:\/\/www.srcolmar-escrime.com\/wp-content\/uploads\/2023\/07\/Warren-185x300.jpg 185w\" sizes=\"(max-width: 139px) 100vw, 139px\" \/><\/figure><\/div>\n\n\n<p class=\"has-text-align-center\"><sup>Animateur Sabre laser SEYLLER Warren<\/sup><\/p>\n","protected":false},"excerpt":{"rendered":"<p>ESCRIME SPORTIVE ESCRIME ARTISTIQUE ESCRIME SABRE LASER Educateur sabre laser Brice Perek Animateur Sabre laser SEYLLER Warren<\/p>\n","protected":false},"author":1,"featured_media":0,"parent":0,"menu_order":0,"comment_status":"closed","ping_status":"closed","template":"","meta":{"pgc_meta":"","footnotes":""},"class_list":["post-871","page","type-page","status-publish","hentry"],"pgc_meta":"","_links":{"self":[{"href":"https:\/\/www.srcolmar-escrime.com\/index.php\/wp-json\/wp\/v2\/pages\/871"}],"collection":[{"href":"https:\/\/www.srcolmar-escrime.com\/index.php\/wp-json\/wp\/v2\/pages"}],"about":[{"href":"https:\/\/www.srcolmar-escrime.com\/index.php\/wp-json\/wp\/v2\/types\/page"}],"author":[{"embeddable":true,"href":"https:\/\/www.srcolmar-escrime.com\/index.php\/wp-json\/wp\/v2\/users\/1"}],"replies":[{"embeddable":true,"href":"https:\/\/www.srcolmar-escrime.com\/index.php\/wp-json\/wp\/v2\/comments?post=871"}],"version-history":[{"count":17,"href":"https:\/\/www.srcolmar-escrime.com\/index.php\/wp-json\/wp\/v2\/pages\/871\/revisions"}],"predecessor-version":[{"id":2055,"href":"https:\/\/www.srcolmar-escrime.com\/index.php\/wp-json\/wp\/v2\/pages\/871\/revisions\/2055"}],"wp:attachment":[{"href":"https:\/\/www.srcolmar-escrime.com\/index.php\/wp-json\/wp\/v2\/media?parent=871"}],"curies":[{"name":"wp","href":"https:\/\/api.w.org\/{rel}","templated":true}]}}