{"id":321,"date":"2018-11-27T19:11:58","date_gmt":"2018-11-27T18:11:58","guid":{"rendered":"http:\/\/www.srcolmar-escrime.com\/?page_id=321"},"modified":"2024-06-28T15:17:42","modified_gmt":"2024-06-28T13:17:42","slug":"sabre-laser","status":"publish","type":"page","link":"https:\/\/www.srcolmar-escrime.com\/index.php\/sabre-laser\/","title":{"rendered":"Sabre Laser"},"content":{"rendered":"\n<div class=\"fb-page\" data-href=\"https:\/\/www.facebook.com\/SabreLaserColmar\/\" data-tabs=\"timeline,events\" data-width=\"500\" data-height=\"500\" data-small-header=\"true\" data-adapt-container-width=\"true\" data-hide-cover=\"true\" data-show-facepile=\"true\">\n<blockquote class=\"fb-xfbml-parse-ignore\" cite=\"https:\/\/www.facebook.com\/SabreLaserColmar\/\"><\/blockquote>\n<\/div>\n\n\n<div class=\"wp-block-image\">\n<figure class=\"aligncenter size-full is-resized\"><img loading=\"lazy\" decoding=\"async\" width=\"640\" height=\"640\" src=\"http:\/\/www.srcolmar-escrime.com\/wp-content\/uploads\/2023\/11\/logo-2023-sabre-laser.jpg\" alt=\"\" class=\"wp-image-2076\" style=\"aspect-ratio:1;width:381px;height:auto\" srcset=\"https:\/\/www.srcolmar-escrime.com\/wp-content\/uploads\/2023\/11\/logo-2023-sabre-laser.jpg 640w, https:\/\/www.srcolmar-escrime.com\/wp-content\/uploads\/2023\/11\/logo-2023-sabre-laser-300x300.jpg 300w, https:\/\/www.srcolmar-escrime.com\/wp-content\/uploads\/2023\/11\/logo-2023-sabre-laser-150x150.jpg 150w\" sizes=\"(max-width: 640px) 100vw, 640px\" \/><\/figure><\/div>\n\n\n<p>Les cours seront donn\u00e9s aux jours et horaires suivants :<\/p>\n\n\n\n<ul class=\"wp-block-list\">\n<li>Tous les lundi de 19:30 \u00e0 21:00 pour les cat\u00e9gories hommes et femmes \u00e2g\u00e9s de 15 ans et plus<\/li>\n\n\n\n<li>Tous les jeudi de 20:00 \u00e0 21:30 pour les cat\u00e9gories hommes et femmes \u00e2g\u00e9s de 15 ans et plus<\/li>\n<\/ul>\n\n\n\n<p>Suivez nous sur:<\/p>\n\n\n\n<p>T\u00e9l\u00e9charger le r\u00e8glement sportif :<\/p>\n\n\n\n<p> <a href=\"http:\/\/www.srcolmar-escrime.com\/wp-content\/uploads\/2018\/11\/REGLEMENT_sabre_laser_Livret1_Technique_v15112018.pdf\">http:\/\/www.srcolmar-escrime.com\/wp-content\/uploads\/2018\/11\/REGLEMENT_sabre_laser_Livret1_Technique_v15112018.pdf<\/a><\/p>\n\n\n\n<p>T\u00e9l\u00e9charger les r\u00e8gles d&rsquo;arbitrage : <\/p>\n\n\n\n<p><a href=\"http:\/\/www.srcolmar-escrime.com\/wp-content\/uploads\/2018\/11\/REGLEMENT_sabre_laser_Livret2_Arbitrage_v21042018.pdf\">http:\/\/www.srcolmar-escrime.com\/wp-content\/uploads\/2018\/11\/REGLEMENT_sabre_laser_Livret2_Arbitrage_v21042018.pdf<\/a><\/p>\n\n\n\n<div class=\"wp-block-contact-form-7-contact-form-selector\">\n<div class=\"wpcf7 no-js\" id=\"wpcf7-f1952-o1\" lang=\"fr-FR\" dir=\"ltr\">\n<div class=\"screen-reader-response\"><p role=\"status\" aria-live=\"polite\" aria-atomic=\"true\"><\/p> <ul><\/ul><\/div>\n<form action=\"\/index.php\/wp-json\/wp\/v2\/pages\/321#wpcf7-f1952-o1\" method=\"post\" class=\"wpcf7-form init\" aria-label=\"Formulaire de contact\" novalidate=\"novalidate\" data-status=\"init\">\n<div style=\"display: none;\">\n<input type=\"hidden\" name=\"_wpcf7\" value=\"1952\" \/>\n<input type=\"hidden\" name=\"_wpcf7_version\" value=\"5.9.8\" \/>\n<input type=\"hidden\" name=\"_wpcf7_locale\" value=\"fr_FR\" \/>\n<input type=\"hidden\" name=\"_wpcf7_unit_tag\" value=\"wpcf7-f1952-o1\" \/>\n<input type=\"hidden\" name=\"_wpcf7_container_post\" value=\"0\" \/>\n<input type=\"hidden\" name=\"_wpcf7_posted_data_hash\" value=\"\" \/>\n<\/div>\n<p><label> Votre nom<br \/>\n<span class=\"wpcf7-form-control-wrap\" data-name=\"your-name\"><input size=\"40\" maxlength=\"400\" class=\"wpcf7-form-control wpcf7-text wpcf7-validates-as-required\" autocomplete=\"name\" aria-required=\"true\" aria-invalid=\"false\" value=\"\" type=\"text\" name=\"your-name\" \/><\/span> <\/label>\n<\/p>\n<p><label> Votre e-mail<br \/>\n<span class=\"wpcf7-form-control-wrap\" data-name=\"your-email\"><input size=\"40\" maxlength=\"400\" class=\"wpcf7-form-control wpcf7-email wpcf7-validates-as-required wpcf7-text wpcf7-validates-as-email\" autocomplete=\"email\" aria-required=\"true\" aria-invalid=\"false\" value=\"\" type=\"email\" name=\"your-email\" \/><\/span> <\/label>\n<\/p>\n<p><label> OBJET SABRE LASER<br \/>\n<span class=\"wpcf7-form-control-wrap\" data-name=\"your-subject\"><input size=\"40\" maxlength=\"400\" class=\"wpcf7-form-control wpcf7-text wpcf7-validates-as-required\" aria-required=\"true\" aria-invalid=\"false\" value=\"\" type=\"text\" name=\"your-subject\" \/><\/span> <\/label>\n<\/p>\n<p><label> Votre message (facultatif)<br \/>\n<span class=\"wpcf7-form-control-wrap\" data-name=\"your-message\"><textarea cols=\"40\" rows=\"10\" maxlength=\"2000\" class=\"wpcf7-form-control wpcf7-textarea\" aria-invalid=\"false\" name=\"your-message\"><\/textarea><\/span> <\/label>\n<\/p>\n<p><input class=\"wpcf7-form-control wpcf7-submit has-spinner\" type=\"submit\" value=\"Envoyer\" \/>\n<\/p><p style=\"display: none !important;\" class=\"akismet-fields-container\" data-prefix=\"_wpcf7_ak_\"><label>&#916;<textarea name=\"_wpcf7_ak_hp_textarea\" cols=\"45\" rows=\"8\" maxlength=\"100\"><\/textarea><\/label><input type=\"hidden\" id=\"ak_js_1\" name=\"_wpcf7_ak_js\" value=\"19\"\/><script>document.getElementById( \"ak_js_1\" ).setAttribute( \"value\", ( new Date() ).getTime() );<\/script><\/p><div class=\"wpcf7-response-output\" aria-hidden=\"true\"><\/div>\n<\/form>\n<\/div>\n<\/div>\n","protected":false},"excerpt":{"rendered":"<p>Les cours seront donn\u00e9s aux jours et horaires suivants : Suivez nous sur: T\u00e9l\u00e9charger le r\u00e8glement sportif : http:\/\/www.srcolmar-escrime.com\/wp-content\/uploads\/2018\/11\/REGLEMENT_sabre_laser_Livret1_Technique_v15112018.pdf T\u00e9l\u00e9charger les r\u00e8gles d&rsquo;arbitrage : http:\/\/www.srcolmar-escrime.com\/wp-content\/uploads\/2018\/11\/REGLEMENT_sabre_laser_Livret2_Arbitrage_v21042018.pdf<\/p>\n","protected":false},"author":1,"featured_media":0,"parent":0,"menu_order":0,"comment_status":"closed","ping_status":"closed","template":"","meta":{"pgc_meta":"","footnotes":""},"class_list":["post-321","page","type-page","status-publish","hentry"],"pgc_meta":"","_links":{"self":[{"href":"https:\/\/www.srcolmar-escrime.com\/index.php\/wp-json\/wp\/v2\/pages\/321"}],"collection":[{"href":"https:\/\/www.srcolmar-escrime.com\/index.php\/wp-json\/wp\/v2\/pages"}],"about":[{"href":"https:\/\/www.srcolmar-escrime.com\/index.php\/wp-json\/wp\/v2\/types\/page"}],"author":[{"embeddable":true,"href":"https:\/\/www.srcolmar-escrime.com\/index.php\/wp-json\/wp\/v2\/users\/1"}],"replies":[{"embeddable":true,"href":"https:\/\/www.srcolmar-escrime.com\/index.php\/wp-json\/wp\/v2\/comments?post=321"}],"version-history":[{"count":18,"href":"https:\/\/www.srcolmar-escrime.com\/index.php\/wp-json\/wp\/v2\/pages\/321\/revisions"}],"predecessor-version":[{"id":2088,"href":"https:\/\/www.srcolmar-escrime.com\/index.php\/wp-json\/wp\/v2\/pages\/321\/revisions\/2088"}],"wp:attachment":[{"href":"https:\/\/www.srcolmar-escrime.com\/index.php\/wp-json\/wp\/v2\/media?parent=321"}],"curies":[{"name":"wp","href":"https:\/\/api.w.org\/{rel}","templated":true}]}}