{"id":215,"date":"2018-10-22T09:44:33","date_gmt":"2018-10-22T07:44:33","guid":{"rendered":"http:\/\/www.srcolmar-escrime.com\/?page_id=215"},"modified":"2019-06-05T17:11:50","modified_gmt":"2019-06-05T15:11:50","slug":"resultats-2","status":"publish","type":"page","link":"https:\/\/www.srcolmar-escrime.com\/index.php\/resultats-2\/","title":{"rendered":"R\u00e9sultats"},"content":{"rendered":"<p>Ci-dessous tous les r\u00e9sultats de la saison 2018\/2019<\/p>\n<hr \/>\n<p>R\u00e9sultats Saison 2018\/2019 (mis \u00e0 jour d\u00e9but juin 2019)<\/p>\n<p>T\u00e9l\u00e9charger R\u00e9sultats :<a href=\"http:\/\/www.srcolmar-escrime.com\/wp-content\/uploads\/2019\/06\/RESULTATS-SAISON-2018-19-1er.pdf\">http:\/\/www.srcolmar-escrime.com\/wp-content\/uploads\/2019\/05\/RESULTATS-SAISON-2018-19-2i\u00e8me.pdf<\/a><\/p>\n<a href=\"https:\/\/www.srcolmar-escrime.com\/wp-content\/uploads\/2019\/06\/RESULTATS-SAISON-2018-19-1er.pdf\" class=\"pdfemb-viewer\" style=\"\" data-width=\"max\" data-height=\"max\" data-toolbar=\"bottom\" data-toolbar-fixed=\"off\">RESULTATS SAISON 2018 -19 1er<\/a>\n<p>&nbsp;<\/p>\n<p>R\u00e9sultats circuit U23 COLMAR 03\/04 Novembre 2018<\/p>\n<p>T\u00e9l\u00e9charger R\u00e9sultats Dames : <a href=\"http:\/\/www.srcolmar-escrime.com\/wp-content\/uploads\/2018\/11\/U23-European-Circuit-EDS.pdf\">http:\/\/www.srcolmar-escrime.com\/wp-content\/uploads\/2018\/11\/U23-European-Circuit-EDS.pdf<\/a><\/p>\n<p>T\u00e9l\u00e9charger R\u00e9sultats Hommes : <a href=\"http:\/\/www.srcolmar-escrime.com\/wp-content\/uploads\/2018\/11\/U23-European-Circuit-EHS.pdf\">http:\/\/www.srcolmar-escrime.com\/wp-content\/uploads\/2018\/11\/U23-European-Circuit-EHS.pdf<\/a><\/p>\n<hr \/>\n<p>R\u00e9sultats saison 2017\/2018 :<\/p>\n<p>Pour t\u00e9l\u00e9charger : <a href=\"http:\/\/www.srcolmar-escrime.com\/wp-content\/uploads\/2018\/10\/RESULTATS-SPORTIFS-2018.pdf\">http:\/\/www.srcolmar-escrime.com\/wp-content\/uploads\/2018\/10\/RESULTATS-SPORTIFS-2018.pdf<\/a><\/p>\n<a href=\"https:\/\/www.srcolmar-escrime.com\/wp-content\/uploads\/2018\/10\/RESULTATS-SPORTIFS-2018.pdf\" class=\"pdfemb-viewer\" style=\"\" data-width=\"max\" data-height=\"max\" data-toolbar=\"bottom\" data-toolbar-fixed=\"off\">RESULTATS SPORTIFS 2018<\/a>\n<p>&nbsp;<\/p>\n","protected":false},"excerpt":{"rendered":"<p>Ci-dessous tous les r\u00e9sultats de la saison 2018\/2019 R\u00e9sultats Saison 2018\/2019 (mis \u00e0 jour d\u00e9but juin 2019) T\u00e9l\u00e9charger R\u00e9sultats :http:\/\/www.srcolmar-escrime.com\/wp-content\/uploads\/2019\/05\/RESULTATS-SAISON-2018-19-2i\u00e8me.pdf &nbsp; R\u00e9sultats circuit U23 COLMAR 03\/04 Novembre 2018 T\u00e9l\u00e9charger R\u00e9sultats Dames : http:\/\/www.srcolmar-escrime.com\/wp-content\/uploads\/2018\/11\/U23-European-Circuit-EDS.pdf T\u00e9l\u00e9charger R\u00e9sultats Hommes : http:\/\/www.srcolmar-escrime.com\/wp-content\/uploads\/2018\/11\/U23-European-Circuit-EHS.pdf R\u00e9sultats saison 2017\/2018 : Pour t\u00e9l\u00e9charger : http:\/\/www.srcolmar-escrime.com\/wp-content\/uploads\/2018\/10\/RESULTATS-SPORTIFS-2018.pdf &nbsp;<\/p>\n","protected":false},"author":1,"featured_media":0,"parent":0,"menu_order":0,"comment_status":"closed","ping_status":"closed","template":"","meta":{"pgc_meta":"","footnotes":""},"class_list":["post-215","page","type-page","status-publish","hentry"],"pgc_meta":"","_links":{"self":[{"href":"https:\/\/www.srcolmar-escrime.com\/index.php\/wp-json\/wp\/v2\/pages\/215"}],"collection":[{"href":"https:\/\/www.srcolmar-escrime.com\/index.php\/wp-json\/wp\/v2\/pages"}],"about":[{"href":"https:\/\/www.srcolmar-escrime.com\/index.php\/wp-json\/wp\/v2\/types\/page"}],"author":[{"embeddable":true,"href":"https:\/\/www.srcolmar-escrime.com\/index.php\/wp-json\/wp\/v2\/users\/1"}],"replies":[{"embeddable":true,"href":"https:\/\/www.srcolmar-escrime.com\/index.php\/wp-json\/wp\/v2\/comments?post=215"}],"version-history":[{"count":16,"href":"https:\/\/www.srcolmar-escrime.com\/index.php\/wp-json\/wp\/v2\/pages\/215\/revisions"}],"predecessor-version":[{"id":661,"href":"https:\/\/www.srcolmar-escrime.com\/index.php\/wp-json\/wp\/v2\/pages\/215\/revisions\/661"}],"wp:attachment":[{"href":"https:\/\/www.srcolmar-escrime.com\/index.php\/wp-json\/wp\/v2\/media?parent=215"}],"curies":[{"name":"wp","href":"https:\/\/api.w.org\/{rel}","templated":true}]}}