{"id":20,"date":"2018-09-25T22:54:06","date_gmt":"2018-09-25T20:54:06","guid":{"rendered":"http:\/\/srcolmar-escrime.com\/?page_id=20"},"modified":"2023-07-28T15:32:13","modified_gmt":"2023-07-28T13:32:13","slug":"une-section-de-page-daccueil","status":"publish","type":"page","link":"https:\/\/www.srcolmar-escrime.com\/index.php\/une-section-de-page-daccueil\/","title":{"rendered":"Liens"},"content":{"rendered":"\n<p><\/p>\n\n\n\n<figure class=\"wp-block-table\"><table><tbody><tr><td>F\u00e9d\u00e9ration Fran\u00e7aise d&rsquo;Escrime :<br><a href=\"http:\/\/www.escrime-ffe.fr\/\">http:\/\/www.escrime-ffe.fr\/<\/a><\/td><td><a href=\"http:\/\/www.escrime-ffe.fr\/\"><img loading=\"lazy\" decoding=\"async\" width=\"71\" height=\"38\" src=\"http:\/\/www.srcolmar-escrime.com\/wp-content\/uploads\/2018\/11\/Logo-FFE.jpg\" alt=\"\"><\/a><\/td><\/tr><tr><td>F\u00e9d\u00e9ration Internationale d&rsquo;Escrime :<br><a href=\"http:\/\/fie.org\/fr\">http:\/\/fie.org\/fr<\/a><\/td><td><a href=\"http:\/\/fie.org\/fr\"><img loading=\"lazy\" decoding=\"async\" width=\"126\" height=\"50\" src=\"http:\/\/www.srcolmar-escrime.com\/wp-content\/uploads\/2018\/11\/Logo-FIE.png\" alt=\"\"><\/a><\/td><\/tr><tr><td>Conf\u00e9d\u00e9ration Europ\u00e9enne d&rsquo;Escrime :<br><a href=\"https:\/\/www.eurofencing.info\/\">https:\/\/www.eurofencing.info\/<\/a><\/td><td><a href=\"https:\/\/www.eurofencing.info\/\"><img loading=\"lazy\" decoding=\"async\" width=\"70\" height=\"70\" src=\"http:\/\/www.srcolmar-escrime.com\/wp-content\/uploads\/2018\/11\/Logo-Conf\u00e9d\u00e9ration.jpg\" alt=\"\"><\/a><\/td><\/tr><\/tbody><\/table><\/figure>\n\n\n\n<p><br><\/p>\n\n\n\n<p><br><\/p>\n\n\n\n<p><br><\/p>\n","protected":false},"excerpt":{"rendered":"<p>F\u00e9d\u00e9ration Fran\u00e7aise d&rsquo;Escrime :http:\/\/www.escrime-ffe.fr\/ F\u00e9d\u00e9ration Internationale d&rsquo;Escrime :http:\/\/fie.org\/fr Conf\u00e9d\u00e9ration Europ\u00e9enne d&rsquo;Escrime :https:\/\/www.eurofencing.info\/<\/p>\n","protected":false},"author":1,"featured_media":49,"parent":0,"menu_order":0,"comment_status":"closed","ping_status":"closed","template":"","meta":{"pgc_meta":"","footnotes":""},"class_list":["post-20","page","type-page","status-publish","has-post-thumbnail","hentry"],"pgc_meta":"","_links":{"self":[{"href":"https:\/\/www.srcolmar-escrime.com\/index.php\/wp-json\/wp\/v2\/pages\/20"}],"collection":[{"href":"https:\/\/www.srcolmar-escrime.com\/index.php\/wp-json\/wp\/v2\/pages"}],"about":[{"href":"https:\/\/www.srcolmar-escrime.com\/index.php\/wp-json\/wp\/v2\/types\/page"}],"author":[{"embeddable":true,"href":"https:\/\/www.srcolmar-escrime.com\/index.php\/wp-json\/wp\/v2\/users\/1"}],"replies":[{"embeddable":true,"href":"https:\/\/www.srcolmar-escrime.com\/index.php\/wp-json\/wp\/v2\/comments?post=20"}],"version-history":[{"count":38,"href":"https:\/\/www.srcolmar-escrime.com\/index.php\/wp-json\/wp\/v2\/pages\/20\/revisions"}],"predecessor-version":[{"id":1269,"href":"https:\/\/www.srcolmar-escrime.com\/index.php\/wp-json\/wp\/v2\/pages\/20\/revisions\/1269"}],"wp:featuredmedia":[{"embeddable":true,"href":"https:\/\/www.srcolmar-escrime.com\/index.php\/wp-json\/wp\/v2\/media\/49"}],"wp:attachment":[{"href":"https:\/\/www.srcolmar-escrime.com\/index.php\/wp-json\/wp\/v2\/media?parent=20"}],"curies":[{"name":"wp","href":"https:\/\/api.w.org\/{rel}","templated":true}]}}