{"id":1973,"date":"2023-08-04T11:37:45","date_gmt":"2023-08-04T09:37:45","guid":{"rendered":"http:\/\/www.srcolmar-escrime.com\/?page_id=1973"},"modified":"2025-09-17T21:06:36","modified_gmt":"2025-09-17T19:06:36","slug":"compte-rendu-comite-directeur","status":"publish","type":"page","link":"https:\/\/www.srcolmar-escrime.com\/index.php\/compte-rendu-comite-directeur\/","title":{"rendered":"Comit\u00e9 directeur"},"content":{"rendered":"\n<p>Arnaud Kalmbach &#8211; Pr\u00e9sident<\/p>\n\n\n\n<p>Fr\u00e9d\u00e9ric Lanot &#8211; Vice-pr\u00e9sident en charge des subventions<\/p>\n\n\n\n<p>Franz Muller &#8211; Vice-pr\u00e9sident en charge de l\u2019organisation des \u00e9v\u00e9nements sportifs<\/p>\n\n\n\n<p>V\u00e9ronique Lefort &#8211; Tr\u00e9sori\u00e8re<\/p>\n\n\n\n<p>Anthony Toussaint &#8211; Tr\u00e9sorier adjoint<\/p>\n\n\n\n<p>Magali Gourmez-Gravouil &#8211; Secr\u00e9taire<\/p>\n\n\n\n<div style=\"height:40px\" aria-hidden=\"true\" class=\"wp-block-spacer\"><\/div>\n\n\n\n<p style=\"font-size:25px\">Membres du comit\u00e9<\/p>\n\n\n\n<p>Brice Perek<\/p>\n\n\n\n<p>Emmanuel Henry<\/p>\n\n\n\n<p>J\u00e9r\u00f4me Boitelet<\/p>\n\n\n\n<p>Apolline Lefort<\/p>\n\n\n\n<p>K\u00e9vin Miecielica<\/p>\n\n\n\n<p><\/p>\n","protected":false},"excerpt":{"rendered":"<p>Arnaud Kalmbach &#8211; Pr\u00e9sident Fr\u00e9d\u00e9ric Lanot &#8211; Vice-pr\u00e9sident en charge des subventions Franz Muller &#8211; Vice-pr\u00e9sident en charge de l\u2019organisation des \u00e9v\u00e9nements sportifs V\u00e9ronique Lefort &#8211; Tr\u00e9sori\u00e8re Anthony Toussaint &#8211; Tr\u00e9sorier adjoint Magali Gourmez-Gravouil &#8211; Secr\u00e9taire Membres du comit\u00e9 Brice Perek Emmanuel Henry J\u00e9r\u00f4me Boitelet Apolline Lefort K\u00e9vin Miecielica<\/p>\n","protected":false},"author":2,"featured_media":0,"parent":0,"menu_order":0,"comment_status":"closed","ping_status":"closed","template":"","meta":{"pgc_meta":"","footnotes":""},"class_list":["post-1973","page","type-page","status-publish","hentry"],"pgc_meta":"","_links":{"self":[{"href":"https:\/\/www.srcolmar-escrime.com\/index.php\/wp-json\/wp\/v2\/pages\/1973"}],"collection":[{"href":"https:\/\/www.srcolmar-escrime.com\/index.php\/wp-json\/wp\/v2\/pages"}],"about":[{"href":"https:\/\/www.srcolmar-escrime.com\/index.php\/wp-json\/wp\/v2\/types\/page"}],"author":[{"embeddable":true,"href":"https:\/\/www.srcolmar-escrime.com\/index.php\/wp-json\/wp\/v2\/users\/2"}],"replies":[{"embeddable":true,"href":"https:\/\/www.srcolmar-escrime.com\/index.php\/wp-json\/wp\/v2\/comments?post=1973"}],"version-history":[{"count":8,"href":"https:\/\/www.srcolmar-escrime.com\/index.php\/wp-json\/wp\/v2\/pages\/1973\/revisions"}],"predecessor-version":[{"id":2900,"href":"https:\/\/www.srcolmar-escrime.com\/index.php\/wp-json\/wp\/v2\/pages\/1973\/revisions\/2900"}],"wp:attachment":[{"href":"https:\/\/www.srcolmar-escrime.com\/index.php\/wp-json\/wp\/v2\/media?parent=1973"}],"curies":[{"name":"wp","href":"https:\/\/api.w.org\/{rel}","templated":true}]}}