{"id":165,"date":"2018-10-03T14:20:45","date_gmt":"2018-10-03T12:20:45","guid":{"rendered":"http:\/\/www.srcolmar-escrime.com\/?page_id=165"},"modified":"2025-08-31T18:45:25","modified_gmt":"2025-08-31T16:45:25","slug":"inscriptions-et-tarifs","status":"publish","type":"page","link":"https:\/\/www.srcolmar-escrime.com\/index.php\/inscriptions-et-tarifs\/","title":{"rendered":"Tarifs"},"content":{"rendered":"<p><!--StartFragment--><\/p>\n\n\n<p style=\"font-size:18px;font-style:normal;font-weight:800\"><strong>Pr\u00e9sentation g\u00e9n\u00e9rale et explication des tarifs<\/strong> :<\/p>\n\n\n\n<p>Voici les tarifs pour<strong> la saison 2025-2026<\/strong>.<\/p>\n\n\n\n<p>Bonjour suite \u00e0 l&rsquo;assembl\u00e9e g\u00e9n\u00e9rale , vous trouverez les tarifs applicables pour la saison 2025-2026.<\/p>\n\n\n\n<p>Les frais sont divis\u00e9s en 3 parts:<\/p>\n\n\n\n<ul class=\"wp-block-list\">\n<li>La part \u00ab <strong>cotisation<\/strong>&nbsp;\u00bb repr\u00e9sente l\u2019adh\u00e9sion \u00e0 l\u2019association (obligatoire).<\/li>\n\n\n\n<li>La part \u00ab&nbsp;<strong>licence<\/strong>&nbsp;\u00bb repr\u00e9sente le montant revers\u00e9 \u00e0 la f\u00e9d\u00e9ration et au comit\u00e9 r\u00e9gional ainsi que l\u2019assurance (l\u2019option maximale a \u00e9t\u00e9 choisie entrainant un surco\u00fbt de 1\u20ac). Le club a choisi de couvrir les frais de licence aux cadres et aux dirigeants, le montant est pr\u00e9sent\u00e9 par soucis de transparence. Le co\u00fbt de la licence b\u00e9n\u00e9vole permet d\u2019ouvrir le droit aux cr\u00e9dits d\u2019imp\u00f4ts sur les frais kilom\u00e9triques effectu\u00e9s pour le compte de l\u2019association et de prot\u00e9ger les b\u00e9n\u00e9voles.<\/li>\n\n\n\n<li>Une surcote de 3\u20ac pour le comit\u00e9 d\u00e9partemental 68 est \u00e0 appliquer.<\/li>\n\n\n\n<li>la part \u00ab&nbsp;<strong>frais d\u2019encadrement<\/strong>&nbsp;\u00bb permet d\u2019assurer les charges li\u00e9es aux locaux, au mat\u00e9riel et une partie des salaires des cadres.<\/li>\n<\/ul>\n\n\n\n<figure class=\"wp-block-image size-full\"><img loading=\"lazy\" decoding=\"async\" width=\"693\" height=\"195\" src=\"http:\/\/www.srcolmar-escrime.com\/wp-content\/uploads\/2024\/07\/tarifs-2024-25.jpg\" alt=\"\" class=\"wp-image-2102\" srcset=\"https:\/\/www.srcolmar-escrime.com\/wp-content\/uploads\/2024\/07\/tarifs-2024-25.jpg 693w, https:\/\/www.srcolmar-escrime.com\/wp-content\/uploads\/2024\/07\/tarifs-2024-25-300x84.jpg 300w\" sizes=\"(max-width: 693px) 100vw, 693px\" \/><\/figure>\n\n\n\n<p><sup>1<\/sup>Le tarif Famille est calcul\u00e9 sur une r\u00e9duction de 50% des frais d\u2019encadrements et sur le tarif le moins cher.<\/p>\n\n\n\n<p>Pour des licenci\u00e9s de la f\u00e9d\u00e9ration fran\u00e7aise d\u2019escrime ext\u00e9rieurs au club voulant faire des s\u00e9ances ponctuelles nous proposons un tarif de 10\u20ac \u00e0 la s\u00e9ance.<\/p>\n\n\n\n<p><strong><u>Location de mat\u00e9riel<\/u><\/strong> (sauf escrime artistique et sant\u00e9) :<\/p>\n\n\n\n<ul class=\"wp-block-list\">\n<li>La location du mat\u00e9riel s\u2019\u00e9l\u00e8ve \u00e0 90\u20ac pour l\u2019\u00e9p\u00e9e et \u00e0 50\u20ac pour le sabre laser (\u00e0 r\u00e9gler \u00e0 part de l\u2019adh\u00e9sion).<\/li>\n\n\n\n<li>Un ch\u00e8que de caution de 300\u20ac est demand\u00e9 (non encaiss\u00e9).&nbsp;<\/li>\n\n\n\n<li>L\u2019achat d\u2019un gant d\u2019escrime par le tireur est conseill\u00e9.<\/li>\n<\/ul>\n\n\n\n<p>Un paiement \u00e9chelonn\u00e9 est \u00e9galement propos\u00e9 (septembre, octobre, novembre).<\/p>\n\n\n\n<p><\/p>\n","protected":false},"excerpt":{"rendered":"<p>Pr\u00e9sentation g\u00e9n\u00e9rale et explication des tarifs : Voici les tarifs pour la saison 2025-2026. Bonjour suite \u00e0 l&rsquo;assembl\u00e9e g\u00e9n\u00e9rale , vous trouverez les tarifs applicables pour la saison 2025-2026. Les frais sont divis\u00e9s en 3 parts: 1Le tarif Famille est calcul\u00e9 sur une r\u00e9duction de 50% des frais d\u2019encadrements et sur le tarif le moins [&hellip;]<\/p>\n","protected":false},"author":1,"featured_media":0,"parent":0,"menu_order":0,"comment_status":"closed","ping_status":"closed","template":"","meta":{"pgc_meta":"","footnotes":""},"class_list":["post-165","page","type-page","status-publish","hentry"],"pgc_meta":"","_links":{"self":[{"href":"https:\/\/www.srcolmar-escrime.com\/index.php\/wp-json\/wp\/v2\/pages\/165"}],"collection":[{"href":"https:\/\/www.srcolmar-escrime.com\/index.php\/wp-json\/wp\/v2\/pages"}],"about":[{"href":"https:\/\/www.srcolmar-escrime.com\/index.php\/wp-json\/wp\/v2\/types\/page"}],"author":[{"embeddable":true,"href":"https:\/\/www.srcolmar-escrime.com\/index.php\/wp-json\/wp\/v2\/users\/1"}],"replies":[{"embeddable":true,"href":"https:\/\/www.srcolmar-escrime.com\/index.php\/wp-json\/wp\/v2\/comments?post=165"}],"version-history":[{"count":54,"href":"https:\/\/www.srcolmar-escrime.com\/index.php\/wp-json\/wp\/v2\/pages\/165\/revisions"}],"predecessor-version":[{"id":2887,"href":"https:\/\/www.srcolmar-escrime.com\/index.php\/wp-json\/wp\/v2\/pages\/165\/revisions\/2887"}],"wp:attachment":[{"href":"https:\/\/www.srcolmar-escrime.com\/index.php\/wp-json\/wp\/v2\/media?parent=165"}],"curies":[{"name":"wp","href":"https:\/\/api.w.org\/{rel}","templated":true}]}}