{"id":140,"date":"2018-10-03T07:54:49","date_gmt":"2018-10-03T05:54:49","guid":{"rendered":"http:\/\/www.srcolmar-escrime.com\/?page_id=140"},"modified":"2023-09-12T20:10:42","modified_gmt":"2023-09-12T18:10:42","slug":"presentation","status":"publish","type":"page","link":"https:\/\/www.srcolmar-escrime.com\/index.php\/presentation\/","title":{"rendered":"Pr\u00e9sentation"},"content":{"rendered":"\n<h2 class=\"wp-block-heading\">Une pratique plurielle de l\u2019escrime<\/h2>\n\n\n\n<p>Initialement tourn\u00e9 vers la pratique de l\u2019\u00e9p\u00e9e, le club colmarien a su \u00e9voluer vers d\u2019autres pratiques et se moderniser en ouvrant une acad\u00e9mie de sabre laser, une section d\u2019escrime artistique ainsi qu\u2019une section handisport.<\/p>\n\n\n\n<p>Le club est \u00e9galement engag\u00e9 dans la pratique de l\u2019escrime sant\u00e9. &nbsp;&nbsp;&nbsp;&nbsp;<\/p>\n\n\n\n<h2 class=\"wp-block-heading\">Un club formateur et comp\u00e9titeur<\/h2>\n\n\n\n<p>Le club accueille les tireurs d\u00e8s le plus jeune \u00e2ge et les accompagne dans leur parcours sportif et personnel. Les diff\u00e9rentes cat\u00e9gories d\u2019\u00e2ge se voient proposer de un \u00e0 trois entra\u00eenements par semaine. En plus de ces cours collectifs, les tireurs peuvent b\u00e9n\u00e9ficier de le\u00e7ons.<\/p>\n\n\n\n<p>Les SRC escrime inscrivent enfin de nombreux tireurs dans des comp\u00e9titions r\u00e9gionales, nationales et internationales, en individuel comme en \u00e9quipe. &nbsp;&nbsp;<\/p>\n","protected":false},"excerpt":{"rendered":"<p>Une pratique plurielle de l\u2019escrime Initialement tourn\u00e9 vers la pratique de l\u2019\u00e9p\u00e9e, le club colmarien a su \u00e9voluer vers d\u2019autres pratiques et se moderniser en ouvrant une acad\u00e9mie de sabre laser, une section d\u2019escrime artistique ainsi qu\u2019une section handisport. Le club est \u00e9galement engag\u00e9 dans la pratique de l\u2019escrime sant\u00e9. &nbsp;&nbsp;&nbsp;&nbsp; Un club formateur et [&hellip;]<\/p>\n","protected":false},"author":1,"featured_media":0,"parent":0,"menu_order":0,"comment_status":"closed","ping_status":"closed","template":"","meta":{"pgc_meta":"","footnotes":""},"class_list":["post-140","page","type-page","status-publish","hentry"],"pgc_meta":"","_links":{"self":[{"href":"https:\/\/www.srcolmar-escrime.com\/index.php\/wp-json\/wp\/v2\/pages\/140"}],"collection":[{"href":"https:\/\/www.srcolmar-escrime.com\/index.php\/wp-json\/wp\/v2\/pages"}],"about":[{"href":"https:\/\/www.srcolmar-escrime.com\/index.php\/wp-json\/wp\/v2\/types\/page"}],"author":[{"embeddable":true,"href":"https:\/\/www.srcolmar-escrime.com\/index.php\/wp-json\/wp\/v2\/users\/1"}],"replies":[{"embeddable":true,"href":"https:\/\/www.srcolmar-escrime.com\/index.php\/wp-json\/wp\/v2\/comments?post=140"}],"version-history":[{"count":7,"href":"https:\/\/www.srcolmar-escrime.com\/index.php\/wp-json\/wp\/v2\/pages\/140\/revisions"}],"predecessor-version":[{"id":2065,"href":"https:\/\/www.srcolmar-escrime.com\/index.php\/wp-json\/wp\/v2\/pages\/140\/revisions\/2065"}],"wp:attachment":[{"href":"https:\/\/www.srcolmar-escrime.com\/index.php\/wp-json\/wp\/v2\/media?parent=140"}],"curies":[{"name":"wp","href":"https:\/\/api.w.org\/{rel}","templated":true}]}}