{"id":11,"date":"2018-09-25T22:54:06","date_gmt":"2018-09-25T20:54:06","guid":{"rendered":"http:\/\/srcolmar-escrime.com\/?page_id=11"},"modified":"2023-09-21T20:53:53","modified_gmt":"2023-09-21T18:53:53","slug":"accueil","status":"publish","type":"page","link":"https:\/\/www.srcolmar-escrime.com\/","title":{"rendered":"Accueil"},"content":{"rendered":"\n<p>Le club d&rsquo;escrime de Colmar est heureux de vous accueillir sur son site. <\/p>\n\n\n\n<p>Soyez les bienvenus !<\/p>\n\n\n\n<div class=\"fb-page\" data-href=\"https:\/\/www.facebook.com\/profile.php?id=100063804708053\" data-tabs=\"timeline,events\" data-width=\"500\" data-height=\"500\" data-small-header=\"true\" data-adapt-container-width=\"true\" data-hide-cover=\"true\" data-show-facepile=\"true\"><blockquote cite=\"https:\/\/www.facebook.com\/profile.php?id=100063804708053\" class=\"fb-xfbml-parse-ignore\"><a href=\"https:\/\/www.facebook.com\/profile.php?id=100063804708053\">Sports R\u00e9unis Colmar Escrime<\/a><\/blockquote><\/div>\n\n\n<div class=\"wp-block-image size-full wp-image-42\">\n<figure class=\"alignleft is-resized\"><img loading=\"lazy\" decoding=\"async\" src=\"http:\/\/www.srcolmar-escrime.com\/wp-content\/uploads\/2018\/09\/salle-escrime-2.jpg\" alt=\"\" class=\"wp-image-42\" style=\"width:336px;height:252px\" width=\"336\" height=\"252\"\/><figcaption class=\"wp-element-caption\">La salle d&rsquo;Escrime<\/figcaption><\/figure><\/div>\n\n\n<figure class=\"wp-block-image alignnone size-medium wp-image-983\"><img loading=\"lazy\" decoding=\"async\" width=\"225\" height=\"300\" src=\"http:\/\/www.srcolmar-escrime.com\/wp-content\/uploads\/2020\/09\/Legube-225x300.jpg\" alt=\"\" class=\"wp-image-983\" srcset=\"https:\/\/www.srcolmar-escrime.com\/wp-content\/uploads\/2020\/09\/Legube-225x300.jpg 225w, https:\/\/www.srcolmar-escrime.com\/wp-content\/uploads\/2020\/09\/Legube-768x1024.jpg 768w\" sizes=\"(max-width: 225px) 100vw, 225px\" \/><figcaption class=\"wp-element-caption\">Beno\u00eet Legube Dipl\u00f4m\u00e9 d&rsquo;\u00e9tat en escrime DEJEPS<\/figcaption><\/figure>\n\n\n\n<p>Le sabre laser : la force des colmariens !<\/p>\n\n\n\n<p><\/p>\n\n\n\n<figure class=\"wp-block-image size-full is-resized\"><img loading=\"lazy\" decoding=\"async\" src=\"http:\/\/www.srcolmar-escrime.com\/wp-content\/uploads\/2023\/09\/Photo-de-Marc-1.jpg\" alt=\"\" class=\"wp-image-2052\" style=\"width:800px;height:411px\" width=\"800\" height=\"411\" srcset=\"https:\/\/www.srcolmar-escrime.com\/wp-content\/uploads\/2023\/09\/Photo-de-Marc-1.jpg 996w, https:\/\/www.srcolmar-escrime.com\/wp-content\/uploads\/2023\/09\/Photo-de-Marc-1-300x154.jpg 300w, https:\/\/www.srcolmar-escrime.com\/wp-content\/uploads\/2023\/09\/Photo-de-Marc-1-768x395.jpg 768w\" sizes=\"(max-width: 800px) 100vw, 800px\" \/><\/figure>\n","protected":false},"excerpt":{"rendered":"<p>Le club d&rsquo;escrime de Colmar est heureux de vous accueillir sur son site. Soyez les bienvenus ! Sports R\u00e9unis Colmar Escrime Le sabre laser : la force des colmariens !<\/p>\n","protected":false},"author":1,"featured_media":45,"parent":0,"menu_order":0,"comment_status":"closed","ping_status":"closed","template":"","meta":{"pgc_meta":"","footnotes":""},"class_list":["post-11","page","type-page","status-publish","has-post-thumbnail","hentry"],"pgc_meta":"","_links":{"self":[{"href":"https:\/\/www.srcolmar-escrime.com\/index.php\/wp-json\/wp\/v2\/pages\/11"}],"collection":[{"href":"https:\/\/www.srcolmar-escrime.com\/index.php\/wp-json\/wp\/v2\/pages"}],"about":[{"href":"https:\/\/www.srcolmar-escrime.com\/index.php\/wp-json\/wp\/v2\/types\/page"}],"author":[{"embeddable":true,"href":"https:\/\/www.srcolmar-escrime.com\/index.php\/wp-json\/wp\/v2\/users\/1"}],"replies":[{"embeddable":true,"href":"https:\/\/www.srcolmar-escrime.com\/index.php\/wp-json\/wp\/v2\/comments?post=11"}],"version-history":[{"count":34,"href":"https:\/\/www.srcolmar-escrime.com\/index.php\/wp-json\/wp\/v2\/pages\/11\/revisions"}],"predecessor-version":[{"id":2075,"href":"https:\/\/www.srcolmar-escrime.com\/index.php\/wp-json\/wp\/v2\/pages\/11\/revisions\/2075"}],"wp:featuredmedia":[{"embeddable":true,"href":"https:\/\/www.srcolmar-escrime.com\/index.php\/wp-json\/wp\/v2\/media\/45"}],"wp:attachment":[{"href":"https:\/\/www.srcolmar-escrime.com\/index.php\/wp-json\/wp\/v2\/media?parent=11"}],"curies":[{"name":"wp","href":"https:\/\/api.w.org\/{rel}","templated":true}]}}